{"id":280,"date":"2023-09-24T08:04:23","date_gmt":"2023-09-24T06:04:23","guid":{"rendered":"https:\/\/valerierobert-maths.re\/?page_id=280"},"modified":"2024-03-21T09:39:43","modified_gmt":"2024-03-21T08:39:43","slug":"citations-de-mathematiciennes","status":"publish","type":"page","link":"https:\/\/valerierobert-maths.re\/index.php\/citations-de-mathematiciennes\/","title":{"rendered":"Citations de math\u00e9maticiennes &#038; math\u00e9maticiens"},"content":{"rendered":"\n<figure class=\"is-layout-flex wp-block-gallery-1 wp-block-gallery has-nested-images columns-default is-cropped\">\n<figure class=\"wp-block-image size-large\"><img decoding=\"async\" loading=\"lazy\" width=\"1024\" height=\"129\" data-id=\"120\"  src=\"https:\/\/valerierobert-maths.re\/wp-content\/uploads\/2019\/04\/20180826_103526-1-1024x129.jpg\" alt=\"\" class=\"wp-image-120\" srcset=\"https:\/\/valerierobert-maths.re\/wp-content\/uploads\/2019\/04\/20180826_103526-1-1024x129.jpg 1024w, https:\/\/valerierobert-maths.re\/wp-content\/uploads\/2019\/04\/20180826_103526-1-300x38.jpg 300w, https:\/\/valerierobert-maths.re\/wp-content\/uploads\/2019\/04\/20180826_103526-1-768x97.jpg 768w, https:\/\/valerierobert-maths.re\/wp-content\/uploads\/2019\/04\/20180826_103526-1-50x6.jpg 50w, https:\/\/valerierobert-maths.re\/wp-content\/uploads\/2019\/04\/20180826_103526-1-800x101.jpg 800w\" sizes=\"(max-width: 1024px) 100vw, 1024px\" \/><\/figure>\n<\/figure>\n\n\n\n<p><\/p>\n\n\n\n<hr class=\"wp-block-separator has-alpha-channel-opacity\"\/>\n\n\n\n<blockquote class=\"wp-block-quote has-text-align-center\">\n<p class=\"has-text-align-center\">\u00ab We were told we couldn\u2019t do math because we were women&#8230;I liked doing what I wasn\u2019t supposed to do, it was a sort of legitimate rebellion. \u00bb<\/p>\n<cite><br>Coming to grips with success, Math Horizons (1996) :<br>a profile of <strong>Karen Uhlenbeck <em>(1942 \u2013 )<\/em><\/strong>, First woman to win Abel Prize <\/cite><\/blockquote>\n\n\n\n<p><\/p>\n\n\n\n<hr class=\"wp-block-separator has-alpha-channel-opacity\"\/>\n\n\n\n<div class=\"is-layout-flex wp-container-7 wp-block-columns are-vertically-aligned-center\">\n<div class=\"is-layout-flow wp-block-column is-vertically-aligned-center\" style=\"flex-basis:33.33%\">\n<div class=\"is-layout-flex wp-container-4 wp-block-columns\">\n<div class=\"is-layout-flow wp-block-column\" style=\"flex-basis:100%\"><div class=\"wp-block-image is-style-rounded\">\n<figure class=\"aligncenter size-full\"><img decoding=\"async\" loading=\"lazy\" width=\"160\" height=\"192\" src=\"https:\/\/valerierobert-maths.re\/wp-content\/uploads\/2023\/09\/sok-2.png\" alt=\"\" class=\"wp-image-283\" srcset=\"https:\/\/valerierobert-maths.re\/wp-content\/uploads\/2023\/09\/sok-2.png 160w, https:\/\/valerierobert-maths.re\/wp-content\/uploads\/2023\/09\/sok-2-42x50.png 42w\" sizes=\"(max-width: 160px) 100vw, 160px\" \/><\/figure><\/div>\n\n\n<p><\/p>\n<\/div>\n<\/div>\n<\/div>\n\n\n\n<div class=\"is-layout-flow wp-block-column is-vertically-aligned-center\" style=\"flex-basis:66.66%\">\n<blockquote class=\"wp-block-quote has-text-align-center\">\n<p class=\"has-text-align-center\">\u00ab Many people who have not studied mathematics confuse it with arithmetic and consider it an arid science. In reality, however, it is a science which requires a great amount of imagination. \u00bb<\/p>\n<cite><br>In a letter to Madame Schabelskoy, quoted in&nbsp;<em>S\u00f3nya Koval\u00e9vsky: Her Recollections of Childhood<\/em>, translated by Isabel F. Hapgood (1895), 316, <em><strong>Sofia Kovalevskaya (1850 \u2013 1891)<\/strong><\/em><\/cite><\/blockquote>\n\n\n\n<p><\/p>\n\n\n\n<blockquote class=\"wp-block-quote\">\n<p class=\"has-text-align-center\">\u00ab It seems to me that the poet has only to perceive that which others do not perceive, to look deeper than others look. And the mathematician must do the same thing. \u00bb<\/p>\n<cite>In a letter to Madame Schabelskoy, quoted in&nbsp;<em>S\u00f3nya Koval\u00e9vsky: Her Recollections of Childhood<\/em>, translated by Isabel F. Hapgood (1895), 317, <em><strong>Sofia Kovalevskaya (1850 \u2013 1891)<\/strong><\/em><\/cite><\/blockquote>\n<\/div>\n<\/div>\n\n\n\n<hr class=\"wp-block-separator has-alpha-channel-opacity\"\/>\n\n\n\n<blockquote class=\"wp-block-quote has-text-align-center\">\n<p><\/p>\n\n\n\n<p>\u00ab Faire des math\u00e9matiques, c\u2019est souvent se perdre dans une jungle et essayer d\u2019utiliser toutes les informations que l\u2019on peut rassembler pour trouver de nouvelles pistes. Avec un peu de chance, on s\u2019en sort. \u00bb<\/p>\n<cite><br><strong>Maryam Mirzakhani (1977 <em>\u2013<\/em> 2017)<\/strong>, First woman to win Fields Medal<\/cite><\/blockquote>\n\n\n\n<p><\/p>\n\n\n\n<hr class=\"wp-block-separator has-alpha-channel-opacity\"\/>\n\n\n\n<div class=\"is-layout-flex wp-container-12 wp-block-columns\">\n<div class=\"is-layout-flow wp-block-column\" style=\"flex-basis:66.66%\">\n<p><\/p>\n\n\n\n<blockquote class=\"wp-block-quote has-text-align-center\">\n<p class=\"has-text-align-center\">\u00ab L\u2019alg\u00e8bre n\u2019est qu\u2019une g\u00e9om\u00e9trie \u00e9crite, la g\u00e9om\u00e9trie n\u2019est qu\u2019une alg\u00e8bre figur\u00e9e. \u00bb<\/p>\n\n\n\n<p><\/p>\n\n\n\n<p><\/p>\n<cite>Oeuvres philosophiques<br><em><strong>Sophie Germain (1776 \u2013 1831)<\/strong><\/em><\/cite><\/blockquote>\n<\/div>\n\n\n\n<div class=\"is-layout-flow wp-block-column\" style=\"flex-basis:33.33%\">\n<figure class=\"is-layout-flex wp-block-gallery-9 wp-block-gallery has-nested-images columns-default is-cropped\">\n<figure class=\"wp-block-image size-large is-style-rounded\"><img decoding=\"async\" loading=\"lazy\" width=\"326\" height=\"334\" src=\"https:\/\/valerierobert-maths.re\/wp-content\/uploads\/2023\/09\/sophg1-1.png\" alt=\"\" class=\"wp-image-288\" srcset=\"https:\/\/valerierobert-maths.re\/wp-content\/uploads\/2023\/09\/sophg1-1.png 326w, https:\/\/valerierobert-maths.re\/wp-content\/uploads\/2023\/09\/sophg1-1-293x300.png 293w, https:\/\/valerierobert-maths.re\/wp-content\/uploads\/2023\/09\/sophg1-1-50x50.png 50w\" sizes=\"(max-width: 326px) 100vw, 326px\" \/><\/figure>\n<\/figure>\n<\/div>\n<\/div>\n\n\n\n<hr class=\"wp-block-separator has-alpha-channel-opacity\"\/>\n\n\n\n<blockquote class=\"wp-block-quote has-text-align-center\">\n<p><\/p>\n\n\n\n<p class=\"has-text-align-center\">\u00ab&nbsp;Les math\u00e9matiques sont \u00e0 la physique ce que la musique est \u00e0 la po\u00e9sie, dans un cas comme dans l\u2019autre nous pouvons nous passer de mots.&nbsp;Notre mani\u00e8re de comprendre ce qui nous entoure c\u2019est le th\u00e9or\u00e8me. \u00bb<\/p>\n<cite><strong>Nalini Anantharaman (1976 <em> \u2013 <\/em>)<\/strong>, <a href=\"https:\/\/recherche.unistra.fr\/actualites-recherche\/actualites-de-la-recherche\/nalini-anantharaman-a-lacademie-des-sciences-le-monde-vu-par-le-theoreme#:~:text=%C2%AB%20Les%20math%C3%A9matiques%20sont%20%C3%A0%20la,dit%20timide%20avec%20le%20langage\">le monde vu par le th\u00e9or\u00e8me<\/a>.<\/cite><\/blockquote>\n\n\n\n<p><\/p>\n\n\n\n<hr class=\"wp-block-separator has-alpha-channel-opacity\"\/>\n\n\n\n<div class=\"is-layout-flex wp-container-17 wp-block-columns\">\n<div class=\"is-layout-flow wp-block-column\" style=\"flex-basis:33.33%\">\n<figure class=\"is-layout-flex wp-block-gallery-13 wp-block-gallery has-nested-images columns-default is-cropped\">\n<figure class=\"wp-block-image size-large is-style-rounded\"><img decoding=\"async\" loading=\"lazy\" width=\"436\" height=\"532\" src=\"https:\/\/valerierobert-maths.re\/wp-content\/uploads\/2023\/09\/emmn.png\" alt=\"\" class=\"wp-image-304\" srcset=\"https:\/\/valerierobert-maths.re\/wp-content\/uploads\/2023\/09\/emmn.png 436w, https:\/\/valerierobert-maths.re\/wp-content\/uploads\/2023\/09\/emmn-246x300.png 246w, https:\/\/valerierobert-maths.re\/wp-content\/uploads\/2023\/09\/emmn-41x50.png 41w\" sizes=\"(max-width: 436px) 100vw, 436px\" \/><\/figure>\n<\/figure>\n<\/div>\n\n\n\n<div class=\"is-layout-flow wp-block-column\" style=\"flex-basis:66.66%\">\n<blockquote class=\"wp-block-quote has-text-align-center\">\n<p class=\"has-text-align-center\"><br><\/p>\n\n\n\n<p><\/p>\n\n\n\n<p><\/p>\n\n\n\n<p class=\"has-text-align-center\">\u00ab My methods are really methods of working and thinking; this is why they have crept in everywhere anonymously. \u00bb<\/p>\n\n\n\n<p><\/p>\n<cite>Letter to Helmut Hasse&nbsp;(1931),<br><strong>&nbsp;<em>Emmy Noether (1882 <em>\u2013<\/em><\/em> <em>1935<\/em>)<\/strong><\/cite><\/blockquote>\n<\/div>\n<\/div>\n\n\n\n<hr class=\"wp-block-separator has-alpha-channel-opacity\"\/>\n","protected":false},"excerpt":{"rendered":"<p>\u00ab We were told we couldn\u2019t do math because we were women&#8230;I liked doing what I wasn\u2019t supposed to do, it was a sort of legitimate rebellion. \u00bb Coming to grips with success, Math Horizons (1996) :a profile of Karen Uhlenbeck (1942 \u2013 ), First woman to win Abel Prize \u00ab Many people who have&hellip;<\/p>\n","protected":false},"author":1,"featured_media":0,"parent":0,"menu_order":0,"comment_status":"closed","ping_status":"closed","template":"","meta":[],"wppr_data":{"cwp_meta_box_check":"No"},"_links":{"self":[{"href":"https:\/\/valerierobert-maths.re\/index.php\/wp-json\/wp\/v2\/pages\/280"}],"collection":[{"href":"https:\/\/valerierobert-maths.re\/index.php\/wp-json\/wp\/v2\/pages"}],"about":[{"href":"https:\/\/valerierobert-maths.re\/index.php\/wp-json\/wp\/v2\/types\/page"}],"author":[{"embeddable":true,"href":"https:\/\/valerierobert-maths.re\/index.php\/wp-json\/wp\/v2\/users\/1"}],"replies":[{"embeddable":true,"href":"https:\/\/valerierobert-maths.re\/index.php\/wp-json\/wp\/v2\/comments?post=280"}],"version-history":[{"count":30,"href":"https:\/\/valerierobert-maths.re\/index.php\/wp-json\/wp\/v2\/pages\/280\/revisions"}],"predecessor-version":[{"id":363,"href":"https:\/\/valerierobert-maths.re\/index.php\/wp-json\/wp\/v2\/pages\/280\/revisions\/363"}],"wp:attachment":[{"href":"https:\/\/valerierobert-maths.re\/index.php\/wp-json\/wp\/v2\/media?parent=280"}],"curies":[{"name":"wp","href":"https:\/\/api.w.org\/{rel}","templated":true}]}}