{"id":22,"date":"2019-04-06T20:04:25","date_gmt":"2019-04-06T18:04:25","guid":{"rendered":"http:\/\/valerierobert-maths.re\/?page_id=22"},"modified":"2026-03-15T08:44:28","modified_gmt":"2026-03-15T07:44:28","slug":"recherche","status":"publish","type":"page","link":"https:\/\/valerierobert-maths.re\/index.php\/recherche\/","title":{"rendered":"Recherche"},"content":{"rendered":"\n<figure class=\"wp-block-image\"><img decoding=\"async\" loading=\"lazy\" width=\"1024\" height=\"129\" src=\"http:\/\/valerierobert-maths.re\/wp-content\/uploads\/2019\/04\/20180826_103526-1024x129.jpg\" alt=\"\" class=\"wp-image-92\" srcset=\"https:\/\/valerierobert-maths.re\/wp-content\/uploads\/2019\/04\/20180826_103526-1024x129.jpg 1024w, https:\/\/valerierobert-maths.re\/wp-content\/uploads\/2019\/04\/20180826_103526-300x38.jpg 300w, https:\/\/valerierobert-maths.re\/wp-content\/uploads\/2019\/04\/20180826_103526-768x97.jpg 768w, https:\/\/valerierobert-maths.re\/wp-content\/uploads\/2019\/04\/20180826_103526-50x6.jpg 50w, https:\/\/valerierobert-maths.re\/wp-content\/uploads\/2019\/04\/20180826_103526-800x101.jpg 800w\" sizes=\"(max-width: 1024px) 100vw, 1024px\" \/><\/figure>\n\n\n\n<p><\/p>\n\n\n\n<h2>Profil google scholar, cit\u00e9e 101 fois : <\/h2>\n\n\n\n<p><a href=\"https:\/\/scholar.google.com\/citations?user=YNDYwyMAAAAJ&amp;hl=fr\">https:\/\/scholar.google.com\/citations?user=YNDYwyMAAAAJ&amp;hl=fr<\/a><\/p>\n\n\n\n<h2>Publications<\/h2>\n\n\n\n<ul>\n<li>Robert, V., Vasseur, Y. &amp; Brault, V. Comparing High-Dimensional Partitions with the Co-clustering Adjusted Rand Index. <em>Journal of  Classification<\/em> (<strong>38<\/strong>, pages 158\u2013186 (2021)). <a href=\"https:\/\/doi.org\/10.1007\/s00357-020-09379-w\">https:\/\/doi.org\/10.1007\/s00357-020-09379-w<\/a><\/li>\n<\/ul>\n\n\n\n<ul>\n<li>Celeux. C, Robert. V : Towards an objective team efficiency rate in basketball. <em>Journal de la SFDS<\/em>, Vol. 156, No 2 (2015). <a href=\"http:\/\/www.numdam.org\/item\/JSFS_2015__156_2_51_0\/\" target=\"_blank\" rel=\"noreferrer noopener\">Lien vers le site du Journal de la Soci\u00e9t\u00e9 Fran\u00e7aise de Statistique<\/a>. Une partie de cette \u00e9tude est disponible dans le livre <a href=\"https:\/\/www.amazon.fr\/Sport-Data-Revolution-Lanalyse-performance\/dp\/2100747169?ie=UTF8&amp;qid=&amp;ref_=tmm_pap_swatch_0&amp;sr=\">Sport Data Revolution<\/a>, \u00e9dition Dunod. <\/li>\n<\/ul>\n\n\n\n<h2>Impl\u00e9mentation sous R <\/h2>\n\n\n\n<p>R package bikm1 (Co-clustering Adjusted Rand Index and bikm1 procedure for binary and contingency data-sets) disponible sur le <a href=\"https:\/\/cran.r-project.org\/web\/packages\/bikm1\/index.html\">CRAN<\/a><\/p>\n\n\n\n<h2>Communications orales \u00e0 venir<\/h2>\n\n\n\n<h2>Communications orales pass\u00e9es<\/h2>\n\n\n\n<ul>\n<li> Poster in Working Group on Model-Based Clustering, virtual session, Athens, 23-25 Octobre 2021.<\/li>\n\n\n\n<li> The Latent Block Model: a useful model for high dimensional data with Keribin C. and Celeux G., ISI 2017 (Maroc). <\/li>\n\n\n\n<li> Poster au Working Group for Model Based Clustering 2016, Paris (Juillet 2016). <\/li>\n\n\n\n<li> Poster au Working Group for Model Based Clustering 2015, Seattle (20\/07\/15). <\/li>\n\n\n\n<li> G\u00e9n\u00e9ralisation de l&rsquo;algorithme Largest Gaps pour le mod\u00e8le des  blocs latents avec Brault et Channarond  aux 49i\u00e8mes Journ\u00e9es des  Statistiques Fran\u00e7aises, Avignon (Juin 2017). <\/li>\n\n\n\n<li> Expos\u00e9 aux 48i\u00e8mes Journ\u00e9es Fran\u00e7aises de la Statistique, Montpellier (Juin 2016). <\/li>\n\n\n\n<li> Poster au Workshop STATLEARN 2016, Vannes (07\/04\/16). <\/li>\n\n\n\n<li> Expos\u00e9 aux journ\u00e9es YSP, Paris (22\/01\/16). <\/li>\n\n\n\n<li> Expos\u00e9 aux <a href=\"http:\/\/gdr.statsante.fr\/presentations2015.php\">Journ\u00e9es 2015 du GDR Stats et Sant\u00e9<\/a>, Paris (12\/06\/15). <\/li>\n\n\n\n<li> Expos\u00e9 aux <a href=\"http:\/\/jds2015.sfds.asso.fr\/\">47i\u00e8mes Journ\u00e9es Fran\u00e7aises de la Statistique<\/a>, Lille (02\/06\/15). <\/li>\n\n\n\n<li> Expos\u00e9 au <a href=\"http:\/\/lim.univ-reunion.fr\/seminaire\/#slabel_33\">s\u00e9minaire du Laboratoire d&rsquo;Informatique et de Math\u00e9matiques de l&rsquo;Universit\u00e9 de la R\u00e9union <\/a> le 19 Octobre 2017.<\/li>\n\n\n\n<li> Expos\u00e9 au  <a href=\"http:\/\/eric.ish-lyon.cnrs.fr\/recherche\/15-FR-seminaires_deric\">S\u00e9minaire ERIC<\/a>, Lyon 2 (Avril 2017). <\/li>\n\n\n\n<li> Expos\u00e9 au groupe de travail <a href=\"http:\/\/www.inria.fr\/equipes\/select\"> S\u00e9lect <\/a> (Juin 2016). <\/li>\n\n\n\n<li> Expos\u00e9 au <a href=\"https:\/\/www6.inra.fr\/mia-paris\/Seminaires\/Seminaire-AgroParisTech\">s\u00e9minaire de Statistiques d&rsquo;AgroParistech <\/a> (20\/06\/16). <\/li>\n\n\n\n<li> Expos\u00e9 au <a href=\"http:\/\/www.math-info.univ-paris5.fr\/map5\/Valerie-Robert\"> groupe de travail des th\u00e9sards et jeunes docteurs de Paris Descartes, <\/a> Paris (11\/02\/16). <\/li>\n\n\n\n<li> Expos\u00e9 aux Rencontres des doctorants et doctorantes en Probabilit\u00e9s et Statistique de deuxi\u00e8me ann\u00e9e, Paris (11\/06\/15). <\/li>\n\n\n\n<li> Expos\u00e9 au <a href=\"http:\/\/www.ensai.fr\/recherche\/seminaires\/les-seminaires-de-statistique-des-doctorants.html\">s\u00e9minaire des doctorants<\/a> du Laboratoire de Math\u00e9matiques Appliqu\u00e9es Agrocampus, Rennes (03\/04\/15). <\/li>\n\n\n\n<li> Expos\u00e9 au  <a href=\"http:\/\/www.math.u-psud.fr\/~ecdoct\/ecdoct\/infos\/semdoc.php\">s\u00e9minaire de vulgarisation des doctorants de math\u00e9matiques de l&rsquo;Universit\u00e9 Paris-Sud <\/a>(15\/12\/14). <\/li>\n\n\n\n<li> Expos\u00e9 au  <a href=\"http:\/\/lmv.math.cnrs.fr\/seminaires-et-groupes-de-travail\/seminaires-des-jeunes\/article\/seminaire-des-jeunes-2014-2015\">s\u00e9minaire des jeunes de Versailles <\/a>(27\/11\/14).  <\/li>\n<\/ul>\n\n\n\n<h2>Divers<\/h2>\n\n\n\n<ul>\n<li> Expos\u00e9 \u00e0 la journ\u00e9e organis\u00e9e par la <a href=\"http:\/\/www.sfds.asso.fr\/\">SFDS<\/a> : Quand la statistique a rendez-vous avec le sport (<a href=\"file:\/\/\/Users\/valerierobert\/Documents\/Page%20web\/Nouveau%20site\/programme.pdf\">programme<\/a> et <a href=\"file:\/\/\/Users\/valerierobert\/Documents\/Page%20web\/Nouveau%20site\/presentation_220114.pdf\">transparents<\/a>).         <\/li>\n<\/ul>\n","protected":false},"excerpt":{"rendered":"<p>Profil google scholar, cit\u00e9e 101 fois : https:\/\/scholar.google.com\/citations?user=YNDYwyMAAAAJ&amp;hl=fr Publications Impl\u00e9mentation sous R R package bikm1 (Co-clustering Adjusted Rand Index and bikm1 procedure for binary and contingency data-sets) disponible sur le CRAN Communications orales \u00e0 venir Communications orales pass\u00e9es Divers<\/p>\n","protected":false},"author":1,"featured_media":0,"parent":0,"menu_order":0,"comment_status":"closed","ping_status":"closed","template":"","meta":[],"wppr_data":{"cwp_meta_box_check":"No"},"_links":{"self":[{"href":"https:\/\/valerierobert-maths.re\/index.php\/wp-json\/wp\/v2\/pages\/22"}],"collection":[{"href":"https:\/\/valerierobert-maths.re\/index.php\/wp-json\/wp\/v2\/pages"}],"about":[{"href":"https:\/\/valerierobert-maths.re\/index.php\/wp-json\/wp\/v2\/types\/page"}],"author":[{"embeddable":true,"href":"https:\/\/valerierobert-maths.re\/index.php\/wp-json\/wp\/v2\/users\/1"}],"replies":[{"embeddable":true,"href":"https:\/\/valerierobert-maths.re\/index.php\/wp-json\/wp\/v2\/comments?post=22"}],"version-history":[{"count":21,"href":"https:\/\/valerierobert-maths.re\/index.php\/wp-json\/wp\/v2\/pages\/22\/revisions"}],"predecessor-version":[{"id":572,"href":"https:\/\/valerierobert-maths.re\/index.php\/wp-json\/wp\/v2\/pages\/22\/revisions\/572"}],"wp:attachment":[{"href":"https:\/\/valerierobert-maths.re\/index.php\/wp-json\/wp\/v2\/media?parent=22"}],"curies":[{"name":"wp","href":"https:\/\/api.w.org\/{rel}","templated":true}]}}